{"id":34,"date":"2023-07-19T10:11:45","date_gmt":"2023-07-19T08:11:45","guid":{"rendered":"https:\/\/readysolutions.sk\/?page_id=34"},"modified":"2023-12-29T16:14:28","modified_gmt":"2023-12-29T15:14:28","slug":"kontakt","status":"publish","type":"page","link":"https:\/\/readysolutions.sk\/?page_id=34","title":{"rendered":"Kontakt"},"content":{"rendered":"\n<p><strong>Kontaktujte n\u00e1s<\/strong><\/p>\n\n\n\n<p>M\u00e1me rados\u0165 z va\u0161ich ot\u00e1zok a komunik\u00e1cie. Nap\u00ed\u0161te n\u00e1m email alebo zavolajte a radi v\u00e1m poskytneme viac inform\u00e1ci\u00ed o na\u0161ich slu\u017eb\u00e1ch a rie\u0161eniach.<\/p>\n\n\n\n<p><strong>E-mail:<\/strong> <a href=\"mailto:info@readysolutions.sk\">info@readysolutions.sk<\/a><\/p>\n\n\n\n<p><strong>Telef\u00f3n:<\/strong> +421 904 645 977<\/p>\n\n\n\n<p><strong>Kore\u0161poden\u010dn\u00e1 adresa:<\/strong><\/p>\n\n\n\n<p>READY Solutions s.r.o.<br>\u017delezni\u010dn\u00e1 141\/36 <br>059 52 Ve\u013ek\u00e1 Lomnica<\/p>\n\n\n\n<p>I\u010cO: 47 703 202 <br>DI\u010c: 2024043318<\/p>\n","protected":false},"excerpt":{"rendered":"<p>Kontaktujte n\u00e1s M\u00e1me rados\u0165 z va\u0161ich ot\u00e1zok a komunik\u00e1cie. Nap\u00ed\u0161te n\u00e1m email alebo zavolajte a radi v\u00e1m poskytneme viac inform\u00e1ci\u00ed o na\u0161ich slu\u017eb\u00e1ch a rie\u0161eniach. E-mail: [&hellip;]<\/p>\n","protected":false},"author":1,"featured_media":0,"parent":0,"menu_order":4,"comment_status":"closed","ping_status":"closed","template":"","meta":{"_monsterinsights_skip_tracking":false,"_monsterinsights_sitenote_active":false,"_monsterinsights_sitenote_note":"","_monsterinsights_sitenote_category":0,"footnotes":""},"yoast_head":"<!-- This site is optimized with the Yoast SEO plugin v22.2 - https:\/\/yoast.com\/wordpress\/plugins\/seo\/ -->\n<title>Kontakt - READY Solutions.sk | Komfort, kvalita a r\u00fdchlos\u0165<\/title>\n<meta name=\"robots\" content=\"index, follow, max-snippet:-1, max-image-preview:large, max-video-preview:-1\" \/>\n<link rel=\"canonical\" href=\"https:\/\/readysolutions.sk\/?page_id=34\" \/>\n<meta property=\"og:locale\" content=\"sk_SK\" \/>\n<meta property=\"og:type\" content=\"article\" \/>\n<meta property=\"og:title\" content=\"Kontakt - READY Solutions.sk | Komfort, kvalita a r\u00fdchlos\u0165\" \/>\n<meta property=\"og:description\" content=\"Kontaktujte n\u00e1s M\u00e1me rados\u0165 z va\u0161ich ot\u00e1zok a komunik\u00e1cie. Nap\u00ed\u0161te n\u00e1m email alebo zavolajte a radi v\u00e1m poskytneme viac inform\u00e1ci\u00ed o na\u0161ich slu\u017eb\u00e1ch a rie\u0161eniach. E-mail: [&hellip;]\" \/>\n<meta property=\"og:url\" content=\"https:\/\/readysolutions.sk\/?page_id=34\" \/>\n<meta property=\"og:site_name\" content=\"READY Solutions.sk | Komfort, kvalita a r\u00fdchlos\u0165\" \/>\n<meta property=\"article:modified_time\" content=\"2023-12-29T15:14:28+00:00\" \/>\n<meta name=\"twitter:card\" content=\"summary_large_image\" \/>\n<meta name=\"twitter:label1\" content=\"Predpokladan\u00fd \u010das \u010d\u00edtania\" \/>\n\t<meta name=\"twitter:data1\" content=\"1 min\u00fata\" \/>\n<script type=\"application\/ld+json\" class=\"yoast-schema-graph\">{\"@context\":\"https:\/\/schema.org\",\"@graph\":[{\"@type\":\"WebPage\",\"@id\":\"https:\/\/readysolutions.sk\/?page_id=34\",\"url\":\"https:\/\/readysolutions.sk\/?page_id=34\",\"name\":\"Kontakt - READY Solutions.sk | Komfort, kvalita a r\u00fdchlos\u0165\",\"isPartOf\":{\"@id\":\"https:\/\/readysolutions.sk\/#website\"},\"datePublished\":\"2023-07-19T08:11:45+00:00\",\"dateModified\":\"2023-12-29T15:14:28+00:00\",\"breadcrumb\":{\"@id\":\"https:\/\/readysolutions.sk\/?page_id=34#breadcrumb\"},\"inLanguage\":\"sk-SK\",\"potentialAction\":[{\"@type\":\"ReadAction\",\"target\":[\"https:\/\/readysolutions.sk\/?page_id=34\"]}]},{\"@type\":\"BreadcrumbList\",\"@id\":\"https:\/\/readysolutions.sk\/?page_id=34#breadcrumb\",\"itemListElement\":[{\"@type\":\"ListItem\",\"position\":1,\"name\":\"Hlavn\u00e1 str\u00e1nka\",\"item\":\"https:\/\/readysolutions.sk\/\"},{\"@type\":\"ListItem\",\"position\":2,\"name\":\"Kontakt\"}]},{\"@type\":\"WebSite\",\"@id\":\"https:\/\/readysolutions.sk\/#website\",\"url\":\"https:\/\/readysolutions.sk\/\",\"name\":\"READY Solutions.sk | Komfort, kvalita a r\u00fdchlos\u0165\",\"description\":\"Informa\u010dn\u00e9 technol\u00f3gie na mieru\",\"potentialAction\":[{\"@type\":\"SearchAction\",\"target\":{\"@type\":\"EntryPoint\",\"urlTemplate\":\"https:\/\/readysolutions.sk\/?s={search_term_string}\"},\"query-input\":\"required name=search_term_string\"}],\"inLanguage\":\"sk-SK\"}]}<\/script>\n<!-- \/ Yoast SEO plugin. -->","yoast_head_json":{"title":"Kontakt - READY Solutions.sk | Komfort, kvalita a r\u00fdchlos\u0165","robots":{"index":"index","follow":"follow","max-snippet":"max-snippet:-1","max-image-preview":"max-image-preview:large","max-video-preview":"max-video-preview:-1"},"canonical":"https:\/\/readysolutions.sk\/?page_id=34","og_locale":"sk_SK","og_type":"article","og_title":"Kontakt - READY Solutions.sk | Komfort, kvalita a r\u00fdchlos\u0165","og_description":"Kontaktujte n\u00e1s M\u00e1me rados\u0165 z va\u0161ich ot\u00e1zok a komunik\u00e1cie. Nap\u00ed\u0161te n\u00e1m email alebo zavolajte a radi v\u00e1m poskytneme viac inform\u00e1ci\u00ed o na\u0161ich slu\u017eb\u00e1ch a rie\u0161eniach. E-mail: [&hellip;]","og_url":"https:\/\/readysolutions.sk\/?page_id=34","og_site_name":"READY Solutions.sk | Komfort, kvalita a r\u00fdchlos\u0165","article_modified_time":"2023-12-29T15:14:28+00:00","twitter_card":"summary_large_image","twitter_misc":{"Predpokladan\u00fd \u010das \u010d\u00edtania":"1 min\u00fata"},"schema":{"@context":"https:\/\/schema.org","@graph":[{"@type":"WebPage","@id":"https:\/\/readysolutions.sk\/?page_id=34","url":"https:\/\/readysolutions.sk\/?page_id=34","name":"Kontakt - READY Solutions.sk | Komfort, kvalita a r\u00fdchlos\u0165","isPartOf":{"@id":"https:\/\/readysolutions.sk\/#website"},"datePublished":"2023-07-19T08:11:45+00:00","dateModified":"2023-12-29T15:14:28+00:00","breadcrumb":{"@id":"https:\/\/readysolutions.sk\/?page_id=34#breadcrumb"},"inLanguage":"sk-SK","potentialAction":[{"@type":"ReadAction","target":["https:\/\/readysolutions.sk\/?page_id=34"]}]},{"@type":"BreadcrumbList","@id":"https:\/\/readysolutions.sk\/?page_id=34#breadcrumb","itemListElement":[{"@type":"ListItem","position":1,"name":"Hlavn\u00e1 str\u00e1nka","item":"https:\/\/readysolutions.sk\/"},{"@type":"ListItem","position":2,"name":"Kontakt"}]},{"@type":"WebSite","@id":"https:\/\/readysolutions.sk\/#website","url":"https:\/\/readysolutions.sk\/","name":"READY Solutions.sk | Komfort, kvalita a r\u00fdchlos\u0165","description":"Informa\u010dn\u00e9 technol\u00f3gie na mieru","potentialAction":[{"@type":"SearchAction","target":{"@type":"EntryPoint","urlTemplate":"https:\/\/readysolutions.sk\/?s={search_term_string}"},"query-input":"required name=search_term_string"}],"inLanguage":"sk-SK"}]}},"_links":{"self":[{"href":"https:\/\/readysolutions.sk\/index.php?rest_route=\/wp\/v2\/pages\/34"}],"collection":[{"href":"https:\/\/readysolutions.sk\/index.php?rest_route=\/wp\/v2\/pages"}],"about":[{"href":"https:\/\/readysolutions.sk\/index.php?rest_route=\/wp\/v2\/types\/page"}],"author":[{"embeddable":true,"href":"https:\/\/readysolutions.sk\/index.php?rest_route=\/wp\/v2\/users\/1"}],"replies":[{"embeddable":true,"href":"https:\/\/readysolutions.sk\/index.php?rest_route=%2Fwp%2Fv2%2Fcomments&post=34"}],"version-history":[{"count":3,"href":"https:\/\/readysolutions.sk\/index.php?rest_route=\/wp\/v2\/pages\/34\/revisions"}],"predecessor-version":[{"id":185,"href":"https:\/\/readysolutions.sk\/index.php?rest_route=\/wp\/v2\/pages\/34\/revisions\/185"}],"wp:attachment":[{"href":"https:\/\/readysolutions.sk\/index.php?rest_route=%2Fwp%2Fv2%2Fmedia&parent=34"}],"curies":[{"name":"wp","href":"https:\/\/api.w.org\/{rel}","templated":true}]}}